{"id":1013,"date":"2019-03-13T17:32:26","date_gmt":"2019-03-13T22:32:26","guid":{"rendered":"https:\/\/fundacionpgs.org\/?page_id=1013"},"modified":"2024-05-15T09:45:03","modified_gmt":"2024-05-15T14:45:03","slug":"fundacion","status":"publish","type":"page","link":"https:\/\/fundacionpgs.org\/?page_id=1013","title":{"rendered":"Fundaci\u00f3n"},"content":{"rendered":"\n<figure class=\"wp-block-gallery has-nested-images columns-default is-cropped wp-block-gallery-1 is-layout-flex wp-block-gallery-is-layout-flex\">\n<figure class=\"wp-block-image size-large\"><img loading=\"lazy\" decoding=\"async\" width=\"570\" height=\"335\" data-id=\"1017\" src=\"https:\/\/fundacionpgs.org\/wp-content\/uploads\/2019\/03\/fundacionpgs-gal1.jpg\" alt=\"\" class=\"wp-image-1017\" srcset=\"https:\/\/fundacionpgs.org\/wp-content\/uploads\/2019\/03\/fundacionpgs-gal1.jpg 570w, https:\/\/fundacionpgs.org\/wp-content\/uploads\/2019\/03\/fundacionpgs-gal1-300x176.jpg 300w\" sizes=\"(max-width: 570px) 100vw, 570px\" \/><\/figure>\n<\/figure>\n\n\n\n<p class=\"has-text-align-center has-large-font-size\"><strong>Nuestra Historia<\/strong><\/p>\n\n\n\n<p class=\"has-text-align-center\">LA FUNDACI\u00d3N \u201cPROMOCI\u00d3N Y GESTI\u00d3N SOCIAL\u201d. Es una entidad no<br>gubernamental constituida legalmente en el a\u00f1o 2007; comprometida a contribuir<br>al desarrollo socio econ\u00f3mico y al mejoramiento de las condiciones de vida de la<br>poblaci\u00f3n; dirigiendo sus acciones en pro del progreso y el desarrollo, mediante<br>alternativas sociales que brinden Recreaci\u00f3n y Deporte, Educaci\u00f3n, cultura,<br>crecimiento econ\u00f3mico y empresarial.<\/p>\n\n\n\n<div class=\"wp-block-media-text is-stacked-on-mobile\"><figure class=\"wp-block-media-text__media\"><img loading=\"lazy\" decoding=\"async\" width=\"850\" height=\"400\" src=\"https:\/\/fundacionpgs.org\/wp-content\/uploads\/2019\/03\/fundacionpgs-blog.jpg\" alt=\"\" class=\"wp-image-1046 size-full\" srcset=\"https:\/\/fundacionpgs.org\/wp-content\/uploads\/2019\/03\/fundacionpgs-blog.jpg 850w, https:\/\/fundacionpgs.org\/wp-content\/uploads\/2019\/03\/fundacionpgs-blog-300x141.jpg 300w, https:\/\/fundacionpgs.org\/wp-content\/uploads\/2019\/03\/fundacionpgs-blog-768x361.jpg 768w\" sizes=\"(max-width: 850px) 100vw, 850px\" \/><\/figure><div class=\"wp-block-media-text__content\">\n<p class=\"has-text-align-center has-large-font-size\"><strong>MISION<\/strong><\/p>\n\n\n\n<p>Ser l\u00edder en el campo del desarrollo integral y mejoramiento de la calidad de vida del ser humano; apoyando iniciativas sociales, culturales, educativas, deportivas y recreativas, mediante acuerdos o convenios con Instituciones Nacionales e Internacionales, p\u00fablicas o privadas<\/p>\n<\/div><\/div>\n\n\n\n<div style=\"height:33px\" aria-hidden=\"true\" class=\"wp-block-spacer\"><\/div>\n\n\n\n<div class=\"wp-block-media-text has-media-on-the-right is-stacked-on-mobile\"><div class=\"wp-block-media-text__content\">\n<p class=\"has-text-align-center has-large-font-size\"><strong>VISION<\/strong><\/p>\n\n\n\n<p>Ser reconocidos en el campo social, cultural, deportivo, art\u00edstico, educativo, recreativo y ambiental como una de las entidades abanderadas del desarrollo de iniciativas para el progreso y desarrollo<\/p>\n<\/div><figure class=\"wp-block-media-text__media\"><img loading=\"lazy\" decoding=\"async\" width=\"570\" height=\"335\" src=\"https:\/\/fundacionpgs.org\/wp-content\/uploads\/2019\/03\/fundacionpgs-gal5.jpg\" alt=\"\" class=\"wp-image-1014 size-full\" srcset=\"https:\/\/fundacionpgs.org\/wp-content\/uploads\/2019\/03\/fundacionpgs-gal5.jpg 570w, https:\/\/fundacionpgs.org\/wp-content\/uploads\/2019\/03\/fundacionpgs-gal5-300x176.jpg 300w\" sizes=\"(max-width: 570px) 100vw, 570px\" \/><\/figure><\/div>\n","protected":false},"excerpt":{"rendered":"<p>Nuestra Historia LA FUNDACI\u00d3N \u201cPROMOCI\u00d3N Y GESTI\u00d3N SOCIAL\u201d. Es una entidad nogubernamental constituida legalmente en el a\u00f1o 2007; comprometida a contribuiral desarrollo socio econ\u00f3mico y al mejoramiento de las condiciones de vida de lapoblaci\u00f3n; dirigiendo sus acciones en pro del progreso y el desarrollo, mediantealternativas sociales que brinden Recreaci\u00f3n y Deporte, Educaci\u00f3n, cultura,crecimiento econ\u00f3mico y&#8230;<\/p>\n","protected":false},"author":1,"featured_media":0,"parent":0,"menu_order":0,"comment_status":"closed","ping_status":"closed","template":"page-templates\/template-fullwidth.php","meta":{"footnotes":""},"_links":{"self":[{"href":"https:\/\/fundacionpgs.org\/index.php?rest_route=\/wp\/v2\/pages\/1013"}],"collection":[{"href":"https:\/\/fundacionpgs.org\/index.php?rest_route=\/wp\/v2\/pages"}],"about":[{"href":"https:\/\/fundacionpgs.org\/index.php?rest_route=\/wp\/v2\/types\/page"}],"author":[{"embeddable":true,"href":"https:\/\/fundacionpgs.org\/index.php?rest_route=\/wp\/v2\/users\/1"}],"replies":[{"embeddable":true,"href":"https:\/\/fundacionpgs.org\/index.php?rest_route=%2Fwp%2Fv2%2Fcomments&post=1013"}],"version-history":[{"count":14,"href":"https:\/\/fundacionpgs.org\/index.php?rest_route=\/wp\/v2\/pages\/1013\/revisions"}],"predecessor-version":[{"id":1168,"href":"https:\/\/fundacionpgs.org\/index.php?rest_route=\/wp\/v2\/pages\/1013\/revisions\/1168"}],"wp:attachment":[{"href":"https:\/\/fundacionpgs.org\/index.php?rest_route=%2Fwp%2Fv2%2Fmedia&parent=1013"}],"curies":[{"name":"wp","href":"https:\/\/api.w.org\/{rel}","templated":true}]}}